{"id":31862,"date":"2025-04-30T18:26:22","date_gmt":"2025-04-30T16:26:22","guid":{"rendered":"https:\/\/al-dirassa.com\/fr\/?page_id=31862"},"modified":"2025-05-18T10:49:13","modified_gmt":"2025-05-18T08:49:13","slug":"pre-inscription-programme-immersion-medine-ete-2025","status":"publish","type":"page","link":"https:\/\/al-dirassa.com\/fr\/pre-inscription-programme-immersion-medine-ete-2025\/","title":{"rendered":"Pr\u00e9-inscription Programme Immersion M\u00e9dine \u00c9t\u00e9 2025"},"content":{"rendered":"\t\t<div data-elementor-type=\"wp-page\" data-elementor-id=\"31862\" class=\"elementor elementor-31862\" data-elementor-post-type=\"page\">\n\t\t\t\t\t\t<section class=\"elementor-section elementor-top-section elementor-element elementor-element-9bffb36 elementor-section-boxed elementor-section-height-default elementor-section-height-default\" data-id=\"9bffb36\" data-element_type=\"section\" data-e-type=\"section\">\n\t\t\t\t\t\t<div class=\"elementor-container elementor-column-gap-default\">\n\t\t\t\t\t<div class=\"elementor-column elementor-col-100 elementor-top-column elementor-element elementor-element-6902e41\" data-id=\"6902e41\" data-element_type=\"column\" data-e-type=\"column\">\n\t\t\t<div class=\"elementor-widget-wrap elementor-element-populated\">\n\t\t\t\t\t\t<div class=\"elementor-element elementor-element-42c82ae elementor-widget elementor-widget-heading\" data-id=\"42c82ae\" data-element_type=\"widget\" data-e-type=\"widget\" data-widget_type=\"heading.default\">\n\t\t\t\t\t<h1 class=\"elementor-heading-title elementor-size-default\">Apprenez l'arabe dans la ville b\u00e9nie du Proph\u00e8te \ufdfa<\/h1>\t\t\t\t<\/div>\n\t\t\t\t\t<\/div>\n\t\t<\/div>\n\t\t\t\t\t<\/div>\n\t\t<\/section>\n\t\t\t\t<section class=\"elementor-section elementor-top-section elementor-element elementor-element-0cb9c8c elementor-section-boxed elementor-section-height-default elementor-section-height-default\" data-id=\"0cb9c8c\" data-element_type=\"section\" data-e-type=\"section\">\n\t\t\t\t\t\t<div class=\"elementor-container elementor-column-gap-default\">\n\t\t\t\t\t<div class=\"elementor-column elementor-col-100 elementor-top-column elementor-element elementor-element-fb8fff2\" data-id=\"fb8fff2\" data-element_type=\"column\" data-e-type=\"column\">\n\t\t\t<div class=\"elementor-widget-wrap elementor-element-populated\">\n\t\t\t\t\t\t<div class=\"elementor-element elementor-element-4efe2c0 elementor-widget elementor-widget-heading\" data-id=\"4efe2c0\" data-element_type=\"widget\" data-e-type=\"widget\" data-widget_type=\"heading.default\">\n\t\t\t\t\t<h2 class=\"elementor-heading-title elementor-size-default\">R\u00e9servez votre place gratuitement d\u00e8s maintenant<\/h2>\t\t\t\t<\/div>\n\t\t\t\t\t<\/div>\n\t\t<\/div>\n\t\t\t\t\t<\/div>\n\t\t<\/section>\n\t\t\t\t<section class=\"elementor-section elementor-top-section elementor-element elementor-element-636c4f2 elementor-section-boxed elementor-section-height-default elementor-section-height-default\" data-id=\"636c4f2\" data-element_type=\"section\" data-e-type=\"section\" data-settings=\"{&quot;background_background&quot;:&quot;classic&quot;}\">\n\t\t\t\t\t\t<div class=\"elementor-container elementor-column-gap-default\">\n\t\t\t\t\t<div class=\"elementor-column elementor-col-100 elementor-top-column elementor-element elementor-element-2e9e6e5\" data-id=\"2e9e6e5\" data-element_type=\"column\" data-e-type=\"column\">\n\t\t\t<div class=\"elementor-widget-wrap elementor-element-populated\">\n\t\t\t\t\t\t<div class=\"elementor-element elementor-element-0b854c8 elementor-widget elementor-widget-text-editor\" data-id=\"0b854c8\" data-element_type=\"widget\" data-e-type=\"widget\" data-widget_type=\"text-editor.default\">\n\t\t\t\t\t\t\t\t\t<p style=\"text-align: justify;\"><span style=\"font-size: 18pt; color: #000000;\">L&rsquo;Institut Al-Dirassa propose deux p\u00e9riodes pour des cours d&rsquo;arabe \u00e0 Medine :<\/span><\/p><ul><li><span style=\"font-size: 18pt; color: #000000;\"><strong>Session 1<\/strong> : 5 juillet au 1er aout 2025<\/span><\/li><li><span style=\"font-size: 18pt; color: #000000;\"><strong>Session 2<\/strong> : 2 au 30 ao\u00fbt 2025<\/span><\/li><\/ul><p><span style=\"font-size: 18pt; color: #000000;\"><em>Pr\u00e9inscription obligatoire. Places limit\u00e9es. <\/em><\/span><\/p><p style=\"text-align: justify;\"><span style=\"font-size: 18pt; color: #000000;\">La pr\u00e9inscription est 100% gratuite. Aucun paiement n&rsquo;est n\u00e9cessaire pour r\u00e9server votre place \u00e0 ce stade<\/span><\/p>\t\t\t\t\t\t\t\t<\/div>\n\t\t\t\t\t<\/div>\n\t\t<\/div>\n\t\t\t\t\t<\/div>\n\t\t<\/section>\n\t\t\t\t<section class=\"elementor-section elementor-top-section elementor-element elementor-element-cc0fe07 elementor-section-boxed elementor-section-height-default elementor-section-height-default\" data-id=\"cc0fe07\" data-element_type=\"section\" data-e-type=\"section\" data-settings=\"{&quot;background_background&quot;:&quot;classic&quot;}\">\n\t\t\t\t\t\t<div class=\"elementor-container elementor-column-gap-default\">\n\t\t\t\t\t<div class=\"elementor-column elementor-col-100 elementor-top-column elementor-element elementor-element-263458c\" data-id=\"263458c\" data-element_type=\"column\" data-e-type=\"column\">\n\t\t\t<div class=\"elementor-widget-wrap elementor-element-populated\">\n\t\t\t\t\t\t<div class=\"elementor-element elementor-element-e0879a1 elementor-widget elementor-widget-text-editor\" data-id=\"e0879a1\" data-element_type=\"widget\" data-e-type=\"widget\" data-widget_type=\"text-editor.default\">\n\t\t\t\t\t\t\t\t\t<iframe width=\"540\" height=\"1305\" src=\"https:\/\/sibforms.com\/serve\/MUIFAB1zxRtcmB5s4cVqIMsxMSJT4LF99QP_w7uzddVG64CgE0_yYds_jhRE3vQIvrfjbg_hWXl-3VBEaVgyYJVztCyC4k_Nl0461hjDmzGALUjnEmqOuoNwDUOZf5Rzv9oAggRjxe7dMdfALqWxReEjzc1QtqjBGXmfLlh-EuxX2QnemAieSDTXj83ESuUaVy2Qi5jilKG0aswa\" frameborder=\"0\" scrolling=\"auto\" allowfullscreen style=\"display: block;margin-left: auto;margin-right: auto;max-width: 100%;\"><\/iframe>\t\t\t\t\t\t\t\t<\/div>\n\t\t\t\t\t<\/div>\n\t\t<\/div>\n\t\t\t\t\t<\/div>\n\t\t<\/section>\n\t\t\t\t<section class=\"elementor-section elementor-top-section elementor-element elementor-element-38d8e7b elementor-section-boxed elementor-section-height-default elementor-section-height-default\" data-id=\"38d8e7b\" data-element_type=\"section\" data-e-type=\"section\" data-settings=\"{&quot;background_background&quot;:&quot;classic&quot;}\">\n\t\t\t\t\t\t<div class=\"elementor-container elementor-column-gap-default\">\n\t\t\t\t\t<div class=\"elementor-column elementor-col-100 elementor-top-column elementor-element elementor-element-536102e\" data-id=\"536102e\" data-element_type=\"column\" data-e-type=\"column\">\n\t\t\t<div class=\"elementor-widget-wrap elementor-element-populated\">\n\t\t\t\t\t\t<div class=\"elementor-element elementor-element-58095e6 elementor-widget elementor-widget-heading\" data-id=\"58095e6\" data-element_type=\"widget\" data-e-type=\"widget\" data-widget_type=\"heading.default\">\n\t\t\t\t\t<h2 class=\"elementor-heading-title elementor-size-default\">Contactez-nous<\/h2>\t\t\t\t<\/div>\n\t\t\t\t\t<\/div>\n\t\t<\/div>\n\t\t\t\t\t<\/div>\n\t\t<\/section>\n\t\t\t\t<section class=\"elementor-section elementor-top-section elementor-element elementor-element-9aa5375 elementor-section-boxed elementor-section-height-default elementor-section-height-default\" data-id=\"9aa5375\" data-element_type=\"section\" data-e-type=\"section\">\n\t\t\t\t\t\t<div class=\"elementor-container elementor-column-gap-default\">\n\t\t\t\t\t<div class=\"elementor-column elementor-col-100 elementor-top-column elementor-element elementor-element-af07c64\" data-id=\"af07c64\" data-element_type=\"column\" data-e-type=\"column\">\n\t\t\t<div class=\"elementor-widget-wrap elementor-element-populated\">\n\t\t\t\t\t\t<div class=\"elementor-element elementor-element-e3d2cba elementor-widget elementor-widget-text-editor\" data-id=\"e3d2cba\" data-element_type=\"widget\" data-e-type=\"widget\" data-widget_type=\"text-editor.default\">\n\t\t\t\t\t\t\t\t\t<p style=\"text-align: justify;\"><span style=\"font-size: 18pt; color: #000000;\">Vous avez des questions ou souhaitez vous inscrire ? Contactez-nous d\u00e8s aujourd&rsquo;hui !<\/span><\/p><ul><li style=\"text-align: justify;\"><p><span style=\"font-size: 18pt; color: #000000;\"><strong>Email<\/strong> :\u00a0<a style=\"color: #000000;\" href=\"mailto:info@al-dirassa.com\" target=\"_blank\" rel=\"noopener noreferrer\">info@al-dirassa.com<\/a><\/span><\/p><\/li><li><p style=\"text-align: justify;\"><span style=\"color: #0000ff;\"><a style=\"color: #0000ff;\" href=\"https:\/\/al-dirassa.com\/fr\/contactez-nous\/\"><span style=\"font-size: 18pt;\"><strong>Formulaire de contact<\/strong>\u00a0<\/span><\/a><\/span><\/p><\/li><\/ul>\t\t\t\t\t\t\t\t<\/div>\n\t\t\t\t\t<\/div>\n\t\t<\/div>\n\t\t\t\t\t<\/div>\n\t\t<\/section>\n\t\t\t\t<section class=\"elementor-section elementor-top-section elementor-element elementor-element-ede5171 elementor-section-boxed elementor-section-height-default elementor-section-height-default\" data-id=\"ede5171\" data-element_type=\"section\" data-e-type=\"section\" data-settings=\"{&quot;background_background&quot;:&quot;classic&quot;}\">\n\t\t\t\t\t\t<div class=\"elementor-container elementor-column-gap-default\">\n\t\t\t\t\t<div class=\"elementor-column elementor-col-100 elementor-top-column elementor-element elementor-element-1262ae5\" data-id=\"1262ae5\" data-element_type=\"column\" data-e-type=\"column\">\n\t\t\t<div class=\"elementor-widget-wrap elementor-element-populated\">\n\t\t\t\t\t\t<div class=\"elementor-element elementor-element-9aad5ec elementor-widget elementor-widget-heading\" data-id=\"9aad5ec\" data-element_type=\"widget\" data-e-type=\"widget\" data-widget_type=\"heading.default\">\n\t\t\t\t\t<h3 class=\"elementor-heading-title elementor-size-default\">Notre adresse \u00e0 M\u00e9dine:<\/h3>\t\t\t\t<\/div>\n\t\t\t\t\t<\/div>\n\t\t<\/div>\n\t\t\t\t\t<\/div>\n\t\t<\/section>\n\t\t\t\t<section class=\"elementor-section elementor-top-section elementor-element elementor-element-f061531 elementor-section-boxed elementor-section-height-default elementor-section-height-default\" data-id=\"f061531\" data-element_type=\"section\" data-e-type=\"section\">\n\t\t\t\t\t\t<div class=\"elementor-container elementor-column-gap-default\">\n\t\t\t\t\t<div class=\"elementor-column elementor-col-100 elementor-top-column elementor-element elementor-element-a8b6588\" data-id=\"a8b6588\" data-element_type=\"column\" data-e-type=\"column\">\n\t\t\t<div class=\"elementor-widget-wrap elementor-element-populated\">\n\t\t\t\t\t\t<div class=\"elementor-element elementor-element-7c24104 elementor-widget elementor-widget-text-editor\" data-id=\"7c24104\" data-element_type=\"widget\" data-e-type=\"widget\" data-widget_type=\"text-editor.default\">\n\t\t\t\t\t\t\t\t\t<iframe src=\"https:\/\/www.google.com\/maps\/embed?pb=!1m18!1m12!1m3!1d3675.244116141337!2d39.588646412300264!3d24.49295436223427!2m3!1f0!2f0!3f0!3m2!1i1024!2i768!4f13.1!3m3!1m2!1s0x15bdbfd4ceda534b%3A0x9ed495095b47182!2z2YXYudmH2K8g2KfZhNmF2LPYp9mG2K_YqSDYp9mE2LnYp9mE2Yog2YTZhNiq2K_YsdmK2KggLSDYp9mE2YXYr9mK2YbYqSDYp9mE2YXZhtmI2LHYqSAtINin2YTYsdis2KfZhA!5e0!3m2!1sfr!2sdz!4v1739462936386!5m2!1sfr!2sdz\" width=\"600\" height=\"450\" style=\"border:0;\" allowfullscreen=\"\" loading=\"lazy\" referrerpolicy=\"no-referrer-when-downgrade\"><\/iframe>\t\t\t\t\t\t\t\t<\/div>\n\t\t\t\t\t<\/div>\n\t\t<\/div>\n\t\t\t\t\t<\/div>\n\t\t<\/section>\n\t\t\t\t<\/div>\n\t\t","protected":false},"excerpt":{"rendered":"<p>Apprenez l&rsquo;arabe dans la ville b\u00e9nie du Proph\u00e8te \ufdfa R\u00e9servez votre place gratuitement d\u00e8s maintenant L&rsquo;Institut Al-Dirassa propose deux p\u00e9riodes pour des cours d&rsquo;arabe \u00e0 Medine : Session 1 : 5 juillet au 1er aout 2025 Session 2 : 2 au 30 ao\u00fbt 2025 Pr\u00e9inscription obligatoire. Places limit\u00e9es. La pr\u00e9inscription est 100% gratuite. Aucun paiement [&hellip;]<\/p>\n","protected":false},"author":2,"featured_media":0,"parent":0,"menu_order":0,"comment_status":"closed","ping_status":"closed","template":"elementor_header_footer","meta":{"footnotes":""},"class_list":["post-31862","page","type-page","status-publish","hentry"],"yoast_head":"<!-- This site is optimized with the Yoast SEO plugin v22.8 - https:\/\/yoast.com\/wordpress\/plugins\/seo\/ -->\n<title>Pr\u00e9-inscription Programme Immersion M\u00e9dine \u00c9t\u00e9 2025 - Institut Al-dirassa<\/title>\n<meta name=\"description\" content=\"Pr\u00e9-inscrivez-vous pour l&#039;immersion arabe \u00e0 M\u00e9dine juillet\/ao\u00fbt 2025. Cours intensifs 60h de cours avec enseignants qualifi\u00e9s.\" \/>\n<meta name=\"robots\" content=\"index, follow, max-snippet:-1, max-image-preview:large, max-video-preview:-1\" \/>\n<link rel=\"canonical\" href=\"https:\/\/al-dirassa.com\/fr\/pre-inscription-programme-immersion-medine-ete-2025\/\" \/>\n<meta property=\"og:locale\" content=\"fr_FR\" \/>\n<meta property=\"og:type\" content=\"article\" \/>\n<meta property=\"og:title\" content=\"Pr\u00e9-inscription Programme Immersion M\u00e9dine \u00c9t\u00e9 2025 - Institut Al-dirassa\" \/>\n<meta property=\"og:description\" content=\"Pr\u00e9-inscrivez-vous pour l&#039;immersion arabe \u00e0 M\u00e9dine juillet\/ao\u00fbt 2025. Cours intensifs 60h de cours avec enseignants qualifi\u00e9s.\" \/>\n<meta property=\"og:url\" content=\"https:\/\/al-dirassa.com\/fr\/pre-inscription-programme-immersion-medine-ete-2025\/\" \/>\n<meta property=\"og:site_name\" content=\"Institut Al-dirassa\" \/>\n<meta property=\"article:publisher\" content=\"https:\/\/www.facebook.com\/aldirassa\/\" \/>\n<meta property=\"article:modified_time\" content=\"2025-05-18T08:49:13+00:00\" \/>\n<meta name=\"twitter:card\" content=\"summary_large_image\" \/>\n<meta name=\"twitter:label1\" content=\"Dur\u00e9e de lecture estim\u00e9e\" \/>\n\t<meta name=\"twitter:data1\" content=\"1 minute\" \/>\n<script type=\"application\/ld+json\" class=\"yoast-schema-graph\">{\"@context\":\"https:\/\/schema.org\",\"@graph\":[{\"@type\":\"WebPage\",\"@id\":\"https:\/\/al-dirassa.com\/fr\/pre-inscription-programme-immersion-medine-ete-2025\/\",\"url\":\"https:\/\/al-dirassa.com\/fr\/pre-inscription-programme-immersion-medine-ete-2025\/\",\"name\":\"Pr\u00e9-inscription Programme Immersion M\u00e9dine \u00c9t\u00e9 2025 - Institut Al-dirassa\",\"isPartOf\":{\"@id\":\"https:\/\/al-dirassa.com\/fr\/#website\"},\"datePublished\":\"2025-04-30T16:26:22+00:00\",\"dateModified\":\"2025-05-18T08:49:13+00:00\",\"description\":\"Pr\u00e9-inscrivez-vous pour l'immersion arabe \u00e0 M\u00e9dine juillet\/ao\u00fbt 2025. Cours intensifs 60h de cours avec enseignants qualifi\u00e9s.\",\"breadcrumb\":{\"@id\":\"https:\/\/al-dirassa.com\/fr\/pre-inscription-programme-immersion-medine-ete-2025\/#breadcrumb\"},\"inLanguage\":\"fr-FR\",\"potentialAction\":[{\"@type\":\"ReadAction\",\"target\":[\"https:\/\/al-dirassa.com\/fr\/pre-inscription-programme-immersion-medine-ete-2025\/\"]}]},{\"@type\":\"BreadcrumbList\",\"@id\":\"https:\/\/al-dirassa.com\/fr\/pre-inscription-programme-immersion-medine-ete-2025\/#breadcrumb\",\"itemListElement\":[{\"@type\":\"ListItem\",\"position\":1,\"name\":\"Home\",\"item\":\"https:\/\/al-dirassa.com\/fr\/\"},{\"@type\":\"ListItem\",\"position\":2,\"name\":\"Pr\u00e9-inscription Programme Immersion M\u00e9dine \u00c9t\u00e9 2025\"}]},{\"@type\":\"WebSite\",\"@id\":\"https:\/\/al-dirassa.com\/fr\/#website\",\"url\":\"https:\/\/al-dirassa.com\/fr\/\",\"name\":\"Institut Al-dirassa\",\"description\":\"Arabe, Coran et Islam en Ligne\",\"publisher\":{\"@id\":\"https:\/\/al-dirassa.com\/fr\/#organization\"},\"potentialAction\":[{\"@type\":\"SearchAction\",\"target\":{\"@type\":\"EntryPoint\",\"urlTemplate\":\"https:\/\/al-dirassa.com\/fr\/?s={search_term_string}\"},\"query-input\":\"required name=search_term_string\"}],\"inLanguage\":\"fr-FR\"},{\"@type\":\"Organization\",\"@id\":\"https:\/\/al-dirassa.com\/fr\/#organization\",\"name\":\"Institut Al-dirassa\",\"url\":\"https:\/\/al-dirassa.com\/fr\/\",\"logo\":{\"@type\":\"ImageObject\",\"inLanguage\":\"fr-FR\",\"@id\":\"https:\/\/al-dirassa.com\/fr\/#\/schema\/logo\/image\/\",\"url\":\"https:\/\/al-dirassa.com\/fr\/wp-content\/uploads\/2023\/07\/al-dirassa-logo-blue_10.png\",\"contentUrl\":\"https:\/\/al-dirassa.com\/fr\/wp-content\/uploads\/2023\/07\/al-dirassa-logo-blue_10.png\",\"width\":150,\"height\":150,\"caption\":\"Institut Al-dirassa\"},\"image\":{\"@id\":\"https:\/\/al-dirassa.com\/fr\/#\/schema\/logo\/image\/\"},\"sameAs\":[\"https:\/\/www.facebook.com\/aldirassa\/\",\"https:\/\/www.instagram.com\/institut_aldirassa\/\",\"https:\/\/www.tiktok.com\/@institutaldirassa\"]}]}<\/script>\n<!-- \/ Yoast SEO plugin. -->","yoast_head_json":{"title":"Pr\u00e9-inscription Programme Immersion M\u00e9dine \u00c9t\u00e9 2025 - Institut Al-dirassa","description":"Pr\u00e9-inscrivez-vous pour l'immersion arabe \u00e0 M\u00e9dine juillet\/ao\u00fbt 2025. Cours intensifs 60h de cours avec enseignants qualifi\u00e9s.","robots":{"index":"index","follow":"follow","max-snippet":"max-snippet:-1","max-image-preview":"max-image-preview:large","max-video-preview":"max-video-preview:-1"},"canonical":"https:\/\/al-dirassa.com\/fr\/pre-inscription-programme-immersion-medine-ete-2025\/","og_locale":"fr_FR","og_type":"article","og_title":"Pr\u00e9-inscription Programme Immersion M\u00e9dine \u00c9t\u00e9 2025 - Institut Al-dirassa","og_description":"Pr\u00e9-inscrivez-vous pour l'immersion arabe \u00e0 M\u00e9dine juillet\/ao\u00fbt 2025. Cours intensifs 60h de cours avec enseignants qualifi\u00e9s.","og_url":"https:\/\/al-dirassa.com\/fr\/pre-inscription-programme-immersion-medine-ete-2025\/","og_site_name":"Institut Al-dirassa","article_publisher":"https:\/\/www.facebook.com\/aldirassa\/","article_modified_time":"2025-05-18T08:49:13+00:00","twitter_card":"summary_large_image","twitter_misc":{"Dur\u00e9e de lecture estim\u00e9e":"1 minute"},"schema":{"@context":"https:\/\/schema.org","@graph":[{"@type":"WebPage","@id":"https:\/\/al-dirassa.com\/fr\/pre-inscription-programme-immersion-medine-ete-2025\/","url":"https:\/\/al-dirassa.com\/fr\/pre-inscription-programme-immersion-medine-ete-2025\/","name":"Pr\u00e9-inscription Programme Immersion M\u00e9dine \u00c9t\u00e9 2025 - Institut Al-dirassa","isPartOf":{"@id":"https:\/\/al-dirassa.com\/fr\/#website"},"datePublished":"2025-04-30T16:26:22+00:00","dateModified":"2025-05-18T08:49:13+00:00","description":"Pr\u00e9-inscrivez-vous pour l'immersion arabe \u00e0 M\u00e9dine juillet\/ao\u00fbt 2025. Cours intensifs 60h de cours avec enseignants qualifi\u00e9s.","breadcrumb":{"@id":"https:\/\/al-dirassa.com\/fr\/pre-inscription-programme-immersion-medine-ete-2025\/#breadcrumb"},"inLanguage":"fr-FR","potentialAction":[{"@type":"ReadAction","target":["https:\/\/al-dirassa.com\/fr\/pre-inscription-programme-immersion-medine-ete-2025\/"]}]},{"@type":"BreadcrumbList","@id":"https:\/\/al-dirassa.com\/fr\/pre-inscription-programme-immersion-medine-ete-2025\/#breadcrumb","itemListElement":[{"@type":"ListItem","position":1,"name":"Home","item":"https:\/\/al-dirassa.com\/fr\/"},{"@type":"ListItem","position":2,"name":"Pr\u00e9-inscription Programme Immersion M\u00e9dine \u00c9t\u00e9 2025"}]},{"@type":"WebSite","@id":"https:\/\/al-dirassa.com\/fr\/#website","url":"https:\/\/al-dirassa.com\/fr\/","name":"Institut Al-dirassa","description":"Arabe, Coran et Islam en Ligne","publisher":{"@id":"https:\/\/al-dirassa.com\/fr\/#organization"},"potentialAction":[{"@type":"SearchAction","target":{"@type":"EntryPoint","urlTemplate":"https:\/\/al-dirassa.com\/fr\/?s={search_term_string}"},"query-input":"required name=search_term_string"}],"inLanguage":"fr-FR"},{"@type":"Organization","@id":"https:\/\/al-dirassa.com\/fr\/#organization","name":"Institut Al-dirassa","url":"https:\/\/al-dirassa.com\/fr\/","logo":{"@type":"ImageObject","inLanguage":"fr-FR","@id":"https:\/\/al-dirassa.com\/fr\/#\/schema\/logo\/image\/","url":"https:\/\/al-dirassa.com\/fr\/wp-content\/uploads\/2023\/07\/al-dirassa-logo-blue_10.png","contentUrl":"https:\/\/al-dirassa.com\/fr\/wp-content\/uploads\/2023\/07\/al-dirassa-logo-blue_10.png","width":150,"height":150,"caption":"Institut Al-dirassa"},"image":{"@id":"https:\/\/al-dirassa.com\/fr\/#\/schema\/logo\/image\/"},"sameAs":["https:\/\/www.facebook.com\/aldirassa\/","https:\/\/www.instagram.com\/institut_aldirassa\/","https:\/\/www.tiktok.com\/@institutaldirassa"]}]}},"_links":{"self":[{"href":"https:\/\/al-dirassa.com\/fr\/wp-json\/wp\/v2\/pages\/31862","targetHints":{"allow":["GET"]}}],"collection":[{"href":"https:\/\/al-dirassa.com\/fr\/wp-json\/wp\/v2\/pages"}],"about":[{"href":"https:\/\/al-dirassa.com\/fr\/wp-json\/wp\/v2\/types\/page"}],"author":[{"embeddable":true,"href":"https:\/\/al-dirassa.com\/fr\/wp-json\/wp\/v2\/users\/2"}],"replies":[{"embeddable":true,"href":"https:\/\/al-dirassa.com\/fr\/wp-json\/wp\/v2\/comments?post=31862"}],"version-history":[{"count":0,"href":"https:\/\/al-dirassa.com\/fr\/wp-json\/wp\/v2\/pages\/31862\/revisions"}],"wp:attachment":[{"href":"https:\/\/al-dirassa.com\/fr\/wp-json\/wp\/v2\/media?parent=31862"}],"curies":[{"name":"wp","href":"https:\/\/api.w.org\/{rel}","templated":true}]}}