{"id":32133,"date":"2025-05-19T18:20:38","date_gmt":"2025-05-19T16:20:38","guid":{"rendered":"https:\/\/al-dirassa.com\/fr\/?page_id=32133"},"modified":"2025-05-19T18:36:26","modified_gmt":"2025-05-19T16:36:26","slug":"partenariats","status":"publish","type":"page","link":"https:\/\/al-dirassa.com\/fr\/partenariats\/","title":{"rendered":"Partenariats"},"content":{"rendered":"\t\t<div data-elementor-type=\"wp-page\" data-elementor-id=\"32133\" class=\"elementor elementor-32133\" data-elementor-post-type=\"page\">\n\t\t\t\t\t\t<section class=\"elementor-section elementor-top-section elementor-element elementor-element-0ea1e9d elementor-section-boxed elementor-section-height-default elementor-section-height-default\" data-id=\"0ea1e9d\" data-element_type=\"section\" data-e-type=\"section\" data-settings=\"{&quot;background_background&quot;:&quot;classic&quot;}\">\n\t\t\t\t\t\t<div class=\"elementor-container elementor-column-gap-default\">\n\t\t\t\t\t<div class=\"elementor-column elementor-col-100 elementor-top-column elementor-element elementor-element-760987b\" data-id=\"760987b\" data-element_type=\"column\" data-e-type=\"column\">\n\t\t\t<div class=\"elementor-widget-wrap elementor-element-populated\">\n\t\t\t\t\t\t<section class=\"elementor-section elementor-inner-section elementor-element elementor-element-d1373f5 elementor-section-boxed elementor-section-height-default elementor-section-height-default\" data-id=\"d1373f5\" data-element_type=\"section\" data-e-type=\"section\">\n\t\t\t\t\t\t<div class=\"elementor-container elementor-column-gap-default\">\n\t\t\t\t\t<div class=\"elementor-column elementor-col-100 elementor-inner-column elementor-element elementor-element-439ef9c elementor-invisible\" data-id=\"439ef9c\" data-element_type=\"column\" data-e-type=\"column\" data-settings=\"{&quot;animation&quot;:&quot;fadeInUp&quot;}\">\n\t\t\t<div class=\"elementor-widget-wrap elementor-element-populated\">\n\t\t\t\t\t\t<div class=\"elementor-element elementor-element-d661588 elementor-widget elementor-widget-heading\" data-id=\"d661588\" data-element_type=\"widget\" data-e-type=\"widget\" data-widget_type=\"heading.default\">\n\t\t\t\t\t<h1 class=\"elementor-heading-title elementor-size-default\">Partenariats &amp; Collaborations \u2013 Institut Al-Dirassa<\/h1>\t\t\t\t<\/div>\n\t\t\t\t\t<\/div>\n\t\t<\/div>\n\t\t\t\t\t<\/div>\n\t\t<\/section>\n\t\t\t\t\t<\/div>\n\t\t<\/div>\n\t\t\t\t\t<\/div>\n\t\t<\/section>\n\t\t\t\t<section class=\"elementor-section elementor-top-section elementor-element elementor-element-b080944 elementor-section-boxed elementor-section-height-default elementor-section-height-default\" data-id=\"b080944\" data-element_type=\"section\" data-e-type=\"section\">\n\t\t\t\t\t\t<div class=\"elementor-container elementor-column-gap-default\">\n\t\t\t\t\t<div class=\"elementor-column elementor-col-100 elementor-top-column elementor-element elementor-element-17af0e9\" data-id=\"17af0e9\" data-element_type=\"column\" data-e-type=\"column\">\n\t\t\t<div class=\"elementor-widget-wrap elementor-element-populated\">\n\t\t\t\t\t\t<div class=\"elementor-element elementor-element-527be5b elementor-widget elementor-widget-text-editor\" data-id=\"527be5b\" data-element_type=\"widget\" data-e-type=\"widget\" data-widget_type=\"text-editor.default\">\n\t\t\t\t\t\t\t\t\t<p style=\"text-align: justify;\" data-pm-slice=\"1 1 []\"><span style=\"font-size: 14pt; color: #000000; font-family: arial, helvetica, sans-serif;\">Depuis 2012, l\u2019Institut Al-Dirassa est un acteur reconnu de l\u2019enseignement en ligne de la langue arabe, du Coran et des sciences islamiques. Forts de plus d\u2019une d\u00e9cennie d\u2019exp\u00e9rience, nous avons su construire une communaut\u00e9 fid\u00e8le, engag\u00e9e et en constante croissance.<\/span><\/p>\t\t\t\t\t\t\t\t<\/div>\n\t\t\t\t\t<\/div>\n\t\t<\/div>\n\t\t\t\t\t<\/div>\n\t\t<\/section>\n\t\t\t\t<section class=\"elementor-section elementor-top-section elementor-element elementor-element-2dcea59 elementor-section-boxed elementor-section-height-default elementor-section-height-default\" data-id=\"2dcea59\" data-element_type=\"section\" data-e-type=\"section\">\n\t\t\t\t\t\t<div class=\"elementor-container elementor-column-gap-default\">\n\t\t\t\t\t<div class=\"elementor-column elementor-col-100 elementor-top-column elementor-element elementor-element-047538f\" data-id=\"047538f\" data-element_type=\"column\" data-e-type=\"column\">\n\t\t\t<div class=\"elementor-widget-wrap elementor-element-populated\">\n\t\t\t\t\t\t<div class=\"elementor-element elementor-element-b19e713 elementor-widget elementor-widget-heading\" data-id=\"b19e713\" data-element_type=\"widget\" data-e-type=\"widget\" data-widget_type=\"heading.default\">\n\t\t\t\t\t<h2 class=\"elementor-heading-title elementor-size-default\">Une audience cibl\u00e9e et engag\u00e9e<\/h2>\t\t\t\t<\/div>\n\t\t\t\t\t<\/div>\n\t\t<\/div>\n\t\t\t\t\t<\/div>\n\t\t<\/section>\n\t\t\t\t<section class=\"elementor-section elementor-top-section elementor-element elementor-element-5239892 elementor-section-boxed elementor-section-height-default elementor-section-height-default\" data-id=\"5239892\" data-element_type=\"section\" data-e-type=\"section\">\n\t\t\t\t\t\t<div class=\"elementor-container elementor-column-gap-default\">\n\t\t\t\t\t<div class=\"elementor-column elementor-col-100 elementor-top-column elementor-element elementor-element-ee2fc4f\" data-id=\"ee2fc4f\" data-element_type=\"column\" data-e-type=\"column\">\n\t\t\t<div class=\"elementor-widget-wrap elementor-element-populated\">\n\t\t\t\t\t\t<div class=\"elementor-element elementor-element-af51482 elementor-widget elementor-widget-text-editor\" data-id=\"af51482\" data-element_type=\"widget\" data-e-type=\"widget\" data-widget_type=\"text-editor.default\">\n\t\t\t\t\t\t\t\t\t<p style=\"text-align: justify;\" data-pm-slice=\"1 1 []\"><span style=\"font-size: 14pt; font-family: arial, helvetica, sans-serif; color: #000000;\">Notre site, <a style=\"color: #000000;\">al-dirassa.com\/fr<\/a>, enregistre <strong>des milliers de visiteurs chaque jour<\/strong>, principalement issus de la <strong>communaut\u00e9 musulmane francophone vivant en Occident<\/strong> (France, Belgique, Suisse, Canada, Luxembourg, pays du Golfe etc.).<\/span><\/p><p>\u00a0<\/p><p style=\"text-align: justify;\"><span style=\"font-size: 14pt; font-family: arial, helvetica, sans-serif; color: #000000;\">Nous disposons \u00e9galement :<\/span><\/p><p>\u00a0<\/p><ul style=\"text-align: justify;\" data-spread=\"false\"><li><p><span style=\"font-size: 14pt; font-family: arial, helvetica, sans-serif; color: #000000;\">D\u2019une <strong>base email qualifi\u00e9e de plusieurs milliers de contacts<\/strong> cibl\u00e9s,<\/span><\/p><\/li><li><p><span style=\"font-size: 14pt; font-family: arial, helvetica, sans-serif; color: #000000;\">D\u2019un <strong><a href=\"https:\/\/www.instagram.com\/institut_aldirassa\/?hl=fr\">compte Instagram actif<\/a> de plus de 77 000 abonn\u00e9s<\/strong>,<\/span><\/p><\/li><li><p><span style=\"font-size: 14pt; font-family: arial, helvetica, sans-serif; color: #000000;\">D\u2019un blog th\u00e9matique \u00e0 fort trafic sur les sujets de l\u2019apprentissage de l\u2019arabe, du Coran et de l\u2019Islam.<\/span><\/p><\/li><\/ul>\t\t\t\t\t\t\t\t<\/div>\n\t\t\t\t\t<\/div>\n\t\t<\/div>\n\t\t\t\t\t<\/div>\n\t\t<\/section>\n\t\t\t\t<section class=\"elementor-section elementor-top-section elementor-element elementor-element-7f00b5b elementor-section-boxed elementor-section-height-default elementor-section-height-default\" data-id=\"7f00b5b\" data-element_type=\"section\" data-e-type=\"section\" data-settings=\"{&quot;background_background&quot;:&quot;classic&quot;}\">\n\t\t\t\t\t\t<div class=\"elementor-container elementor-column-gap-default\">\n\t\t\t\t\t<div class=\"elementor-column elementor-col-100 elementor-top-column elementor-element elementor-element-75f2562\" data-id=\"75f2562\" data-element_type=\"column\" data-e-type=\"column\">\n\t\t\t<div class=\"elementor-widget-wrap elementor-element-populated\">\n\t\t\t\t\t\t<div class=\"elementor-element elementor-element-7a792ce elementor-widget elementor-widget-heading\" data-id=\"7a792ce\" data-element_type=\"widget\" data-e-type=\"widget\" data-widget_type=\"heading.default\">\n\t\t\t\t\t<h3 class=\"elementor-heading-title elementor-size-default\">Pourquoi collaborer avec nous ?<\/h3>\t\t\t\t<\/div>\n\t\t\t\t\t<\/div>\n\t\t<\/div>\n\t\t\t\t\t<\/div>\n\t\t<\/section>\n\t\t\t\t<section class=\"elementor-section elementor-top-section elementor-element elementor-element-418936d elementor-section-boxed elementor-section-height-default elementor-section-height-default\" data-id=\"418936d\" data-element_type=\"section\" data-e-type=\"section\" data-settings=\"{&quot;background_background&quot;:&quot;classic&quot;}\">\n\t\t\t\t\t\t<div class=\"elementor-container elementor-column-gap-default\">\n\t\t\t\t\t<div class=\"elementor-column elementor-col-100 elementor-top-column elementor-element elementor-element-64e1b32\" data-id=\"64e1b32\" data-element_type=\"column\" data-e-type=\"column\">\n\t\t\t<div class=\"elementor-widget-wrap elementor-element-populated\">\n\t\t\t\t\t\t<div class=\"elementor-element elementor-element-3a1fb83 elementor-widget elementor-widget-text-editor\" data-id=\"3a1fb83\" data-element_type=\"widget\" data-e-type=\"widget\" data-widget_type=\"text-editor.default\">\n\t\t\t\t\t\t\t\t\t<p style=\"text-align: justify;\">\u00a0<span style=\"font-size: 14pt; font-family: arial, helvetica, sans-serif; color: #000000;\">Collaborer avec l\u2019Institut Al-Dirassa, c\u2019est :<\/span><\/p><p>\u00a0<\/p><ul><li style=\"text-align: justify;\"><span style=\"font-size: 14pt; font-family: arial, helvetica, sans-serif; color: #000000;\">B\u00e9n\u00e9ficier d\u2019une visibilit\u00e9 aupr\u00e8s d\u2019une audience niche, engag\u00e9e et en recherche de solutions align\u00e9es avec ses valeurs islamiques.<\/span><\/li><li style=\"text-align: justify;\"><span style=\"font-size: 14pt; font-family: arial, helvetica, sans-serif; color: #000000;\">Promouvoir vos produits ou services dans un cadre respectueux des principes de l\u2019islam.<\/span><\/li><li style=\"text-align: justify;\"><span style=\"font-size: 14pt; font-family: arial, helvetica, sans-serif; color: #000000;\">Acc\u00e9der \u00e0 des canaux de diffusion multiples : blog, r\u00e9seaux sociaux, campagnes d\u2019emailing, etc.<\/span><\/li><li style=\"list-style-type: none;\">\u00a0<\/li><\/ul>\t\t\t\t\t\t\t\t<\/div>\n\t\t\t\t\t<\/div>\n\t\t<\/div>\n\t\t\t\t\t<\/div>\n\t\t<\/section>\n\t\t\t\t<section class=\"elementor-section elementor-top-section elementor-element elementor-element-0366678 elementor-section-boxed elementor-section-height-default elementor-section-height-default\" data-id=\"0366678\" data-element_type=\"section\" data-e-type=\"section\">\n\t\t\t\t\t\t<div class=\"elementor-container elementor-column-gap-default\">\n\t\t\t\t\t<div class=\"elementor-column elementor-col-100 elementor-top-column elementor-element elementor-element-aa3a074\" data-id=\"aa3a074\" data-element_type=\"column\" data-e-type=\"column\">\n\t\t\t<div class=\"elementor-widget-wrap elementor-element-populated\">\n\t\t\t\t\t\t<div class=\"elementor-element elementor-element-edec948 elementor-widget elementor-widget-heading\" data-id=\"edec948\" data-element_type=\"widget\" data-e-type=\"widget\" data-widget_type=\"heading.default\">\n\t\t\t\t\t<h3 class=\"elementor-heading-title elementor-size-default\">Nous \u00e9tudions toutes les propositions<\/h3>\t\t\t\t<\/div>\n\t\t\t\t\t<\/div>\n\t\t<\/div>\n\t\t\t\t\t<\/div>\n\t\t<\/section>\n\t\t\t\t<section class=\"elementor-section elementor-top-section elementor-element elementor-element-101a939 elementor-section-boxed elementor-section-height-default elementor-section-height-default\" data-id=\"101a939\" data-element_type=\"section\" data-e-type=\"section\">\n\t\t\t\t\t\t<div class=\"elementor-container elementor-column-gap-default\">\n\t\t\t\t\t<div class=\"elementor-column elementor-col-100 elementor-top-column elementor-element elementor-element-c259d6a\" data-id=\"c259d6a\" data-element_type=\"column\" data-e-type=\"column\">\n\t\t\t<div class=\"elementor-widget-wrap elementor-element-populated\">\n\t\t\t\t\t\t<div class=\"elementor-element elementor-element-af7cdcf elementor-widget elementor-widget-text-editor\" data-id=\"af7cdcf\" data-element_type=\"widget\" data-e-type=\"widget\" data-widget_type=\"text-editor.default\">\n\t\t\t\t\t\t\t\t\t<p style=\"text-align: justify;\"><span style=\"color: #000000; font-family: arial, helvetica, sans-serif; font-size: 14pt;\">Nous sommes ouverts \u00e0 diff\u00e9rents types de partenariats :<\/span><\/p><ul style=\"text-align: justify;\" data-spread=\"false\"><li><p><span style=\"font-size: 14pt; font-family: arial, helvetica, sans-serif; color: #000000;\">Articles sponsoris\u00e9s.<\/span><\/p><\/li><li><p><span style=\"font-size: 14pt; font-family: arial, helvetica, sans-serif; color: #000000;\">Placement de produits.<\/span><\/p><\/li><li><p><span style=\"font-size: 14pt; font-family: arial, helvetica, sans-serif; color: #000000;\">Partages sur les r\u00e9seaux sociaux.<\/span><\/p><\/li><li><p><span style=\"font-size: 14pt; font-family: arial, helvetica, sans-serif; color: #000000;\">Envois d\u2019emailings cibl\u00e9s.<\/span><\/p><\/li><li><p><span style=\"font-size: 14pt; font-family: arial, helvetica, sans-serif; color: #000000;\">Programmes d\u2019affiliation ou d\u2019ambassadeurs.<\/span><\/p><\/li><li><p><span style=\"font-size: 14pt; font-family: arial, helvetica, sans-serif; color: #000000;\">Toute autre forme de collaboration pertinente.<\/span><\/p><\/li><\/ul><p>\u00a0<\/p><p style=\"text-align: justify;\"><span style=\"font-size: 14pt; font-family: arial, helvetica, sans-serif; color: #000000;\">Chaque proposition est <strong>analys\u00e9e avec soin<\/strong>. Si elle correspond \u00e0 :<\/span><\/p><ul style=\"text-align: justify;\" data-spread=\"false\"><li><p><span style=\"font-size: 14pt; font-family: arial, helvetica, sans-serif; color: #000000;\"><strong>Notre ligne \u00e9ditoriale,<\/strong><\/span><\/p><\/li><li><p><span style=\"font-size: 14pt; font-family: arial, helvetica, sans-serif; color: #000000;\"><strong>Les valeurs islamiques port\u00e9es par l\u2019Institut Al-Dirassa.<\/strong><\/span><\/p><\/li><\/ul><p>\u00a0<\/p><p style=\"text-align: justify;\"><span style=\"font-size: 14pt; font-family: arial, helvetica, sans-serif; color: #000000;\">\u2026alors nous prendrons contact avec vous pour discuter des modalit\u00e9s de collaboration.<\/span><\/p>\t\t\t\t\t\t\t\t<\/div>\n\t\t\t\t\t<\/div>\n\t\t<\/div>\n\t\t\t\t\t<\/div>\n\t\t<\/section>\n\t\t\t\t<section class=\"elementor-section elementor-top-section elementor-element elementor-element-f6d872c elementor-section-boxed elementor-section-height-default elementor-section-height-default\" data-id=\"f6d872c\" data-element_type=\"section\" data-e-type=\"section\" data-settings=\"{&quot;background_background&quot;:&quot;classic&quot;}\">\n\t\t\t\t\t\t<div class=\"elementor-container elementor-column-gap-default\">\n\t\t\t\t\t<div class=\"elementor-column elementor-col-100 elementor-top-column elementor-element elementor-element-994a82f\" data-id=\"994a82f\" data-element_type=\"column\" data-e-type=\"column\">\n\t\t\t<div class=\"elementor-widget-wrap elementor-element-populated\">\n\t\t\t\t\t\t<div class=\"elementor-element elementor-element-7b75c22 elementor-widget elementor-widget-heading\" data-id=\"7b75c22\" data-element_type=\"widget\" data-e-type=\"widget\" data-widget_type=\"heading.default\">\n\t\t\t\t\t<h2 class=\"elementor-heading-title elementor-size-default\">Nous contacter<\/h2>\t\t\t\t<\/div>\n\t\t\t\t\t<\/div>\n\t\t<\/div>\n\t\t\t\t\t<\/div>\n\t\t<\/section>\n\t\t\t\t<section class=\"elementor-section elementor-top-section elementor-element elementor-element-9afede8 elementor-section-boxed elementor-section-height-default elementor-section-height-default\" data-id=\"9afede8\" data-element_type=\"section\" data-e-type=\"section\" data-settings=\"{&quot;background_background&quot;:&quot;classic&quot;}\">\n\t\t\t\t\t\t<div class=\"elementor-container elementor-column-gap-default\">\n\t\t\t\t\t<div class=\"elementor-column elementor-col-100 elementor-top-column elementor-element elementor-element-6e01870\" data-id=\"6e01870\" data-element_type=\"column\" data-e-type=\"column\">\n\t\t\t<div class=\"elementor-widget-wrap elementor-element-populated\">\n\t\t\t\t\t\t<div class=\"elementor-element elementor-element-9701d6c elementor-widget elementor-widget-text-editor\" data-id=\"9701d6c\" data-element_type=\"widget\" data-e-type=\"widget\" data-widget_type=\"text-editor.default\">\n\t\t\t\t\t\t\t\t\t<p style=\"text-align: justify;\">\u00a0<span style=\"font-size: 14pt; font-family: arial, helvetica, sans-serif; color: #000000;\">Si vous souhaitez proposer un partenariat, merci de nous \u00e9crire \u00e0 l\u2019adresse suivante : \ud83d\udce9 <a style=\"color: #000000;\"><strong>info@al-dirassa.com<\/strong><\/a><\/span><\/p><p style=\"text-align: justify;\"><span style=\"font-size: 14pt; font-family: arial, helvetica, sans-serif; color: #000000;\">N\u2019h\u00e9sitez pas \u00e0 joindre une pr\u00e9sentation ou un lien vers votre site afin de faciliter l\u2019analyse de votre demande.<\/span><\/p>\t\t\t\t\t\t\t\t<\/div>\n\t\t\t\t\t<\/div>\n\t\t<\/div>\n\t\t\t\t\t<\/div>\n\t\t<\/section>\n\t\t\t\t<\/div>\n\t\t","protected":false},"excerpt":{"rendered":"<p>Partenariats &#038; Collaborations \u2013 Institut Al-Dirassa Depuis 2012, l\u2019Institut Al-Dirassa est un acteur reconnu de l\u2019enseignement en ligne de la langue arabe, du Coran et des sciences islamiques. Forts de plus d\u2019une d\u00e9cennie d\u2019exp\u00e9rience, nous avons su construire une communaut\u00e9 fid\u00e8le, engag\u00e9e et en constante croissance. Une audience cibl\u00e9e et engag\u00e9e Notre site, al-dirassa.com\/fr, enregistre [&hellip;]<\/p>\n","protected":false},"author":2,"featured_media":0,"parent":0,"menu_order":0,"comment_status":"closed","ping_status":"closed","template":"elementor_header_footer","meta":{"footnotes":""},"class_list":["post-32133","page","type-page","status-publish","hentry"],"yoast_head":"<!-- This site is optimized with the Yoast SEO plugin v22.8 - https:\/\/yoast.com\/wordpress\/plugins\/seo\/ -->\n<title>Partenariats - Institut Al-dirassa<\/title>\n<meta name=\"description\" content=\"Proposez votre partenariat avec Al-Dirassa et touchez une large audience musulmane francophone engag\u00e9e. Visibilit\u00e9 blog, r\u00e9seaux et email.\" \/>\n<meta name=\"robots\" content=\"index, follow, max-snippet:-1, max-image-preview:large, max-video-preview:-1\" \/>\n<link rel=\"canonical\" href=\"https:\/\/al-dirassa.com\/fr\/partenariats\/\" \/>\n<meta property=\"og:locale\" content=\"fr_FR\" \/>\n<meta property=\"og:type\" content=\"article\" \/>\n<meta property=\"og:title\" content=\"Partenariats - Institut Al-dirassa\" \/>\n<meta property=\"og:description\" content=\"Proposez votre partenariat avec Al-Dirassa et touchez une large audience musulmane francophone engag\u00e9e. Visibilit\u00e9 blog, r\u00e9seaux et email.\" \/>\n<meta property=\"og:url\" content=\"https:\/\/al-dirassa.com\/fr\/partenariats\/\" \/>\n<meta property=\"og:site_name\" content=\"Institut Al-dirassa\" \/>\n<meta property=\"article:publisher\" content=\"https:\/\/www.facebook.com\/aldirassa\/\" \/>\n<meta property=\"article:modified_time\" content=\"2025-05-19T16:36:26+00:00\" \/>\n<meta name=\"twitter:card\" content=\"summary_large_image\" \/>\n<meta name=\"twitter:label1\" content=\"Dur\u00e9e de lecture estim\u00e9e\" \/>\n\t<meta name=\"twitter:data1\" content=\"2 minutes\" \/>\n<script type=\"application\/ld+json\" class=\"yoast-schema-graph\">{\"@context\":\"https:\/\/schema.org\",\"@graph\":[{\"@type\":\"WebPage\",\"@id\":\"https:\/\/al-dirassa.com\/fr\/partenariats\/\",\"url\":\"https:\/\/al-dirassa.com\/fr\/partenariats\/\",\"name\":\"Partenariats - Institut Al-dirassa\",\"isPartOf\":{\"@id\":\"https:\/\/al-dirassa.com\/fr\/#website\"},\"datePublished\":\"2025-05-19T16:20:38+00:00\",\"dateModified\":\"2025-05-19T16:36:26+00:00\",\"description\":\"Proposez votre partenariat avec Al-Dirassa et touchez une large audience musulmane francophone engag\u00e9e. Visibilit\u00e9 blog, r\u00e9seaux et email.\",\"breadcrumb\":{\"@id\":\"https:\/\/al-dirassa.com\/fr\/partenariats\/#breadcrumb\"},\"inLanguage\":\"fr-FR\",\"potentialAction\":[{\"@type\":\"ReadAction\",\"target\":[\"https:\/\/al-dirassa.com\/fr\/partenariats\/\"]}]},{\"@type\":\"BreadcrumbList\",\"@id\":\"https:\/\/al-dirassa.com\/fr\/partenariats\/#breadcrumb\",\"itemListElement\":[{\"@type\":\"ListItem\",\"position\":1,\"name\":\"Home\",\"item\":\"https:\/\/al-dirassa.com\/fr\/\"},{\"@type\":\"ListItem\",\"position\":2,\"name\":\"Partenariats\"}]},{\"@type\":\"WebSite\",\"@id\":\"https:\/\/al-dirassa.com\/fr\/#website\",\"url\":\"https:\/\/al-dirassa.com\/fr\/\",\"name\":\"Institut Al-dirassa\",\"description\":\"Arabe, Coran et Islam en Ligne\",\"publisher\":{\"@id\":\"https:\/\/al-dirassa.com\/fr\/#organization\"},\"potentialAction\":[{\"@type\":\"SearchAction\",\"target\":{\"@type\":\"EntryPoint\",\"urlTemplate\":\"https:\/\/al-dirassa.com\/fr\/?s={search_term_string}\"},\"query-input\":\"required name=search_term_string\"}],\"inLanguage\":\"fr-FR\"},{\"@type\":\"Organization\",\"@id\":\"https:\/\/al-dirassa.com\/fr\/#organization\",\"name\":\"Institut Al-dirassa\",\"url\":\"https:\/\/al-dirassa.com\/fr\/\",\"logo\":{\"@type\":\"ImageObject\",\"inLanguage\":\"fr-FR\",\"@id\":\"https:\/\/al-dirassa.com\/fr\/#\/schema\/logo\/image\/\",\"url\":\"https:\/\/al-dirassa.com\/fr\/wp-content\/uploads\/2023\/07\/al-dirassa-logo-blue_10.png\",\"contentUrl\":\"https:\/\/al-dirassa.com\/fr\/wp-content\/uploads\/2023\/07\/al-dirassa-logo-blue_10.png\",\"width\":150,\"height\":150,\"caption\":\"Institut Al-dirassa\"},\"image\":{\"@id\":\"https:\/\/al-dirassa.com\/fr\/#\/schema\/logo\/image\/\"},\"sameAs\":[\"https:\/\/www.facebook.com\/aldirassa\/\",\"https:\/\/www.instagram.com\/institut_aldirassa\/\",\"https:\/\/www.tiktok.com\/@institutaldirassa\"]}]}<\/script>\n<!-- \/ Yoast SEO plugin. -->","yoast_head_json":{"title":"Partenariats - Institut Al-dirassa","description":"Proposez votre partenariat avec Al-Dirassa et touchez une large audience musulmane francophone engag\u00e9e. Visibilit\u00e9 blog, r\u00e9seaux et email.","robots":{"index":"index","follow":"follow","max-snippet":"max-snippet:-1","max-image-preview":"max-image-preview:large","max-video-preview":"max-video-preview:-1"},"canonical":"https:\/\/al-dirassa.com\/fr\/partenariats\/","og_locale":"fr_FR","og_type":"article","og_title":"Partenariats - Institut Al-dirassa","og_description":"Proposez votre partenariat avec Al-Dirassa et touchez une large audience musulmane francophone engag\u00e9e. Visibilit\u00e9 blog, r\u00e9seaux et email.","og_url":"https:\/\/al-dirassa.com\/fr\/partenariats\/","og_site_name":"Institut Al-dirassa","article_publisher":"https:\/\/www.facebook.com\/aldirassa\/","article_modified_time":"2025-05-19T16:36:26+00:00","twitter_card":"summary_large_image","twitter_misc":{"Dur\u00e9e de lecture estim\u00e9e":"2 minutes"},"schema":{"@context":"https:\/\/schema.org","@graph":[{"@type":"WebPage","@id":"https:\/\/al-dirassa.com\/fr\/partenariats\/","url":"https:\/\/al-dirassa.com\/fr\/partenariats\/","name":"Partenariats - Institut Al-dirassa","isPartOf":{"@id":"https:\/\/al-dirassa.com\/fr\/#website"},"datePublished":"2025-05-19T16:20:38+00:00","dateModified":"2025-05-19T16:36:26+00:00","description":"Proposez votre partenariat avec Al-Dirassa et touchez une large audience musulmane francophone engag\u00e9e. Visibilit\u00e9 blog, r\u00e9seaux et email.","breadcrumb":{"@id":"https:\/\/al-dirassa.com\/fr\/partenariats\/#breadcrumb"},"inLanguage":"fr-FR","potentialAction":[{"@type":"ReadAction","target":["https:\/\/al-dirassa.com\/fr\/partenariats\/"]}]},{"@type":"BreadcrumbList","@id":"https:\/\/al-dirassa.com\/fr\/partenariats\/#breadcrumb","itemListElement":[{"@type":"ListItem","position":1,"name":"Home","item":"https:\/\/al-dirassa.com\/fr\/"},{"@type":"ListItem","position":2,"name":"Partenariats"}]},{"@type":"WebSite","@id":"https:\/\/al-dirassa.com\/fr\/#website","url":"https:\/\/al-dirassa.com\/fr\/","name":"Institut Al-dirassa","description":"Arabe, Coran et Islam en Ligne","publisher":{"@id":"https:\/\/al-dirassa.com\/fr\/#organization"},"potentialAction":[{"@type":"SearchAction","target":{"@type":"EntryPoint","urlTemplate":"https:\/\/al-dirassa.com\/fr\/?s={search_term_string}"},"query-input":"required name=search_term_string"}],"inLanguage":"fr-FR"},{"@type":"Organization","@id":"https:\/\/al-dirassa.com\/fr\/#organization","name":"Institut Al-dirassa","url":"https:\/\/al-dirassa.com\/fr\/","logo":{"@type":"ImageObject","inLanguage":"fr-FR","@id":"https:\/\/al-dirassa.com\/fr\/#\/schema\/logo\/image\/","url":"https:\/\/al-dirassa.com\/fr\/wp-content\/uploads\/2023\/07\/al-dirassa-logo-blue_10.png","contentUrl":"https:\/\/al-dirassa.com\/fr\/wp-content\/uploads\/2023\/07\/al-dirassa-logo-blue_10.png","width":150,"height":150,"caption":"Institut Al-dirassa"},"image":{"@id":"https:\/\/al-dirassa.com\/fr\/#\/schema\/logo\/image\/"},"sameAs":["https:\/\/www.facebook.com\/aldirassa\/","https:\/\/www.instagram.com\/institut_aldirassa\/","https:\/\/www.tiktok.com\/@institutaldirassa"]}]}},"_links":{"self":[{"href":"https:\/\/al-dirassa.com\/fr\/wp-json\/wp\/v2\/pages\/32133","targetHints":{"allow":["GET"]}}],"collection":[{"href":"https:\/\/al-dirassa.com\/fr\/wp-json\/wp\/v2\/pages"}],"about":[{"href":"https:\/\/al-dirassa.com\/fr\/wp-json\/wp\/v2\/types\/page"}],"author":[{"embeddable":true,"href":"https:\/\/al-dirassa.com\/fr\/wp-json\/wp\/v2\/users\/2"}],"replies":[{"embeddable":true,"href":"https:\/\/al-dirassa.com\/fr\/wp-json\/wp\/v2\/comments?post=32133"}],"version-history":[{"count":0,"href":"https:\/\/al-dirassa.com\/fr\/wp-json\/wp\/v2\/pages\/32133\/revisions"}],"wp:attachment":[{"href":"https:\/\/al-dirassa.com\/fr\/wp-json\/wp\/v2\/media?parent=32133"}],"curies":[{"name":"wp","href":"https:\/\/api.w.org\/{rel}","templated":true}]}}