{"id":2443,"date":"2020-03-18T09:28:23","date_gmt":"2020-03-18T09:28:23","guid":{"rendered":"https:\/\/seomenta.com\/al-dirassa\/?post_type=product&#038;p=2443"},"modified":"2025-09-08T09:16:19","modified_gmt":"2025-09-08T07:16:19","slug":"pack-starter","status":"publish","type":"product","link":"https:\/\/al-dirassa.com\/fr\/produit\/pack-starter\/","title":{"rendered":"Pack Talib | Cours d&rsquo;arabe, de Coran et d&rsquo;Islam en ligne"},"content":{"rendered":"<div style=\"text-align: justify;\"><span style=\"font-size: 14pt;\">Le Pack Talib offre des cours individuels via Skype ou Zoom, vous donnant ainsi l&rsquo;opportunit\u00e9 de :<\/span><\/div>\n<div style=\"text-align: justify;\"><\/div>\n<div style=\"text-align: justify;\"><span style=\"font-size: 14pt;\">&#8211; Allouer 2 heures par semaine \u00e0 votre apprentissage.<\/span><\/div>\n<div style=\"text-align: justify;\"><span style=\"font-size: 14pt;\">&#8211; Cumuler 7 heures de cours mensuelles, avec une heure offerte en prime.<\/span><\/div>\n<div style=\"text-align: justify;\"><span style=\"font-size: 14pt;\">&#8211; B\u00e9n\u00e9ficier d&rsquo;un enseignement personnalis\u00e9.<\/span><\/div>\n<div style=\"text-align: justify;\"><span style=\"font-size: 14pt;\">&#8211; Choisir parmi une gamme de cours portant sur l&rsquo;arabe, le Coran et\/ou l&rsquo;islam selon vos pr\u00e9f\u00e9rences.<\/span><\/div>\n<div style=\"text-align: justify;\"><span style=\"font-size: 14pt;\">&#8211; \u00c9conomiser 6 euros sur ce pack.<\/span><\/div>\n<div style=\"text-align: justify;\"><\/div>\n<div style=\"text-align: justify;\"><span style=\"font-size: 14pt;\">Vous aurez l&rsquo;occasion d&rsquo;explorer l&rsquo;arabe, le Coran et\/ou l&rsquo;islam \u00e0 votre convenance.<\/span><\/div>\n<div style=\"text-align: justify;\"><\/div>\n<div style=\"text-align: justify;\"><strong><span style=\"font-size: 14pt;\">Dans nos cours d&rsquo;arabe, vous pourrez vous initier \u00e0 :<\/span><\/strong><\/div>\n<div style=\"text-align: justify;\"><\/div>\n<div style=\"text-align: justify;\"><span style=\"font-size: 14pt;\">&#8211; La langue arabe standard classique et moderne.<\/span><\/div>\n<div style=\"text-align: justify;\"><span style=\"font-size: 14pt;\">&#8211; Le dialecte \u00e9gyptien.<\/span><\/div>\n<div style=\"text-align: justify;\"><span style=\"font-size: 14pt;\">&#8211; La langue arabe professionnelle.<\/span><\/div>\n<div style=\"text-align: justify;\"><\/div>\n<div style=\"text-align: justify;\"><strong><span style=\"font-size: 14pt;\">Nos cours de Coran comprennent :<\/span><\/strong><\/div>\n<div style=\"text-align: justify;\"><\/div>\n<div style=\"text-align: justify;\"><span style=\"font-size: 14pt;\">&#8211; Un programme d\u00e9di\u00e9 aux r\u00e8gles du Tajwid.<\/span><\/div>\n<div style=\"text-align: justify;\"><span style=\"font-size: 14pt;\">&#8211; Un programme de M\u00e9morisation (Hifz).<\/span><\/div>\n<div style=\"text-align: justify;\"><span style=\"font-size: 14pt;\">&#8211; Un programme Ijazah pour les \u00e9tudes coraniques.<\/span><\/div>\n<div style=\"text-align: justify;\"><\/div>\n<div style=\"text-align: justify;\"><strong><span style=\"font-size: 14pt;\">Si vous \u00eates int\u00e9ress\u00e9 par les sciences islamiques, le Centre Al-Dirassa propose des cours en ligne portant sur :<\/span><\/strong><\/div>\n<div style=\"text-align: justify;\"><\/div>\n<div style=\"text-align: justify;\"><span style=\"font-size: 14pt;\">&#8211; Le Fiqh (jurisprudence islamique).<\/span><\/div>\n<div style=\"text-align: justify;\"><span style=\"font-size: 14pt;\">&#8211; L&rsquo;Aquida (croyance islamique).<\/span><\/div>\n<div style=\"text-align: justify;\"><span style=\"font-size: 14pt;\">&#8211; Les Hadiths (traditions proph\u00e9tiques).<\/span><\/div>\n<div style=\"text-align: justify;\"><span style=\"font-size: 14pt;\">&#8211; L&rsquo;histoire islamique.<\/span><\/div>\n<div style=\"text-align: justify;\"><\/div>\n<div style=\"text-align: justify;\"><span style=\"font-size: 14pt;\">Saisissez cette opportunit\u00e9 pour approfondir vos connaissances dans ces domaines essentiels avec le Pack Talib.<\/span><\/div>\n","protected":false},"excerpt":{"rendered":"<p>Le Pack Talib offre des cours individuels via Skype ou Zoom, vous donnant ainsi l&rsquo;opportunit\u00e9 de : &#8211; Allouer 2 heures par semaine \u00e0 votre apprentissage. &#8211; Cumuler 7 heures de cours mensuelles, avec une heure offerte en prime. &#8211; B\u00e9n\u00e9ficier d&rsquo;un enseignement personnalis\u00e9. &#8211; Choisir parmi une gamme de cours portant sur l&rsquo;arabe, le [&hellip;]<\/p>\n","protected":false},"featured_media":14753,"comment_status":"open","ping_status":"closed","template":"","meta":[],"product_brand":[],"product_cat":[527,723],"product_tag":[725],"class_list":{"0":"post-2443","1":"product","2":"type-product","3":"status-publish","4":"has-post-thumbnail","6":"product_cat-courses","7":"product_cat-plans","8":"product_tag-strater","9":"has-subscription-plans","11":"first","12":"instock","13":"sale","14":"featured","15":"virtual","16":"purchasable","17":"product-type-simple"},"yoast_head":"<!-- This site is optimized with the Yoast SEO plugin v22.8 - https:\/\/yoast.com\/wordpress\/plugins\/seo\/ -->\n<title>Pack Talib | Cours d&#039;arabe, de Coran et d&#039;Islam en ligne - Institut Al-dirassa<\/title>\n<meta name=\"description\" content=\"D\u00e9couvrez le pack Talib de l&#039;institut Al-Dirassa : \u00c9tudiez l&#039;arabe, le Coran et l&#039;islam en ligne, 2 heures par semaine pendant un mois.\" \/>\n<meta name=\"robots\" content=\"index, follow, max-snippet:-1, max-image-preview:large, max-video-preview:-1\" \/>\n<link rel=\"canonical\" href=\"https:\/\/al-dirassa.com\/fr\/produit\/pack-starter\/\" \/>\n<meta property=\"og:locale\" content=\"fr_FR\" \/>\n<meta property=\"og:type\" content=\"article\" \/>\n<meta property=\"og:title\" content=\"Pack Talib | Cours d&#039;arabe, de Coran et d&#039;Islam en ligne - Institut Al-dirassa\" \/>\n<meta property=\"og:description\" content=\"D\u00e9couvrez le pack Talib de l&#039;institut Al-Dirassa : \u00c9tudiez l&#039;arabe, le Coran et l&#039;islam en ligne, 2 heures par semaine pendant un mois.\" \/>\n<meta property=\"og:url\" content=\"https:\/\/al-dirassa.com\/fr\/produit\/pack-starter\/\" \/>\n<meta property=\"og:site_name\" content=\"Institut Al-dirassa\" \/>\n<meta property=\"article:publisher\" content=\"https:\/\/www.facebook.com\/aldirassa\/\" \/>\n<meta property=\"article:modified_time\" content=\"2025-09-08T07:16:19+00:00\" \/>\n<meta property=\"og:image\" content=\"https:\/\/al-dirassa.com\/fr\/wp-content\/uploads\/2020\/03\/pack-talib.jpg\" \/>\n\t<meta property=\"og:image:width\" content=\"1080\" \/>\n\t<meta property=\"og:image:height\" content=\"1080\" \/>\n\t<meta property=\"og:image:type\" content=\"image\/jpeg\" \/>\n<meta name=\"twitter:card\" content=\"summary_large_image\" \/>\n<meta name=\"twitter:label1\" content=\"Dur\u00e9e de lecture estim\u00e9e\" \/>\n\t<meta name=\"twitter:data1\" content=\"2 minutes\" \/>\n<script type=\"application\/ld+json\" class=\"yoast-schema-graph\">{\"@context\":\"https:\/\/schema.org\",\"@graph\":[{\"@type\":\"WebPage\",\"@id\":\"https:\/\/al-dirassa.com\/fr\/produit\/pack-starter\/\",\"url\":\"https:\/\/al-dirassa.com\/fr\/produit\/pack-starter\/\",\"name\":\"Pack Talib | Cours d'arabe, de Coran et d'Islam en ligne - Institut Al-dirassa\",\"isPartOf\":{\"@id\":\"https:\/\/al-dirassa.com\/fr\/#website\"},\"primaryImageOfPage\":{\"@id\":\"https:\/\/al-dirassa.com\/fr\/produit\/pack-starter\/#primaryimage\"},\"image\":{\"@id\":\"https:\/\/al-dirassa.com\/fr\/produit\/pack-starter\/#primaryimage\"},\"thumbnailUrl\":\"https:\/\/al-dirassa.com\/fr\/wp-content\/uploads\/2020\/03\/pack-talib.jpg\",\"datePublished\":\"2020-03-18T09:28:23+00:00\",\"dateModified\":\"2025-09-08T07:16:19+00:00\",\"description\":\"D\u00e9couvrez le pack Talib de l'institut Al-Dirassa : \u00c9tudiez l'arabe, le Coran et l'islam en ligne, 2 heures par semaine pendant un mois.\",\"breadcrumb\":{\"@id\":\"https:\/\/al-dirassa.com\/fr\/produit\/pack-starter\/#breadcrumb\"},\"inLanguage\":\"fr-FR\",\"potentialAction\":[{\"@type\":\"ReadAction\",\"target\":[\"https:\/\/al-dirassa.com\/fr\/produit\/pack-starter\/\"]}]},{\"@type\":\"ImageObject\",\"inLanguage\":\"fr-FR\",\"@id\":\"https:\/\/al-dirassa.com\/fr\/produit\/pack-starter\/#primaryimage\",\"url\":\"https:\/\/al-dirassa.com\/fr\/wp-content\/uploads\/2020\/03\/pack-talib.jpg\",\"contentUrl\":\"https:\/\/al-dirassa.com\/fr\/wp-content\/uploads\/2020\/03\/pack-talib.jpg\",\"width\":1080,\"height\":1080,\"caption\":\"pack talib pour apprendre l'arabe, le Coran et l'islam en ligne\"},{\"@type\":\"BreadcrumbList\",\"@id\":\"https:\/\/al-dirassa.com\/fr\/produit\/pack-starter\/#breadcrumb\",\"itemListElement\":[{\"@type\":\"ListItem\",\"position\":1,\"name\":\"Home\",\"item\":\"https:\/\/al-dirassa.com\/fr\/\"},{\"@type\":\"ListItem\",\"position\":2,\"name\":\"Registration\",\"item\":\"https:\/\/al-dirassa.com\/fr\/tarifs-inscription\/\"},{\"@type\":\"ListItem\",\"position\":3,\"name\":\"Pack Talib | Cours d&rsquo;arabe, de Coran et d&rsquo;Islam en ligne\"}]},{\"@type\":\"WebSite\",\"@id\":\"https:\/\/al-dirassa.com\/fr\/#website\",\"url\":\"https:\/\/al-dirassa.com\/fr\/\",\"name\":\"Institut Al-dirassa\",\"description\":\"Arabe, Coran et Islam en Ligne\",\"publisher\":{\"@id\":\"https:\/\/al-dirassa.com\/fr\/#organization\"},\"potentialAction\":[{\"@type\":\"SearchAction\",\"target\":{\"@type\":\"EntryPoint\",\"urlTemplate\":\"https:\/\/al-dirassa.com\/fr\/?s={search_term_string}\"},\"query-input\":\"required name=search_term_string\"}],\"inLanguage\":\"fr-FR\"},{\"@type\":\"Organization\",\"@id\":\"https:\/\/al-dirassa.com\/fr\/#organization\",\"name\":\"Institut Al-dirassa\",\"url\":\"https:\/\/al-dirassa.com\/fr\/\",\"logo\":{\"@type\":\"ImageObject\",\"inLanguage\":\"fr-FR\",\"@id\":\"https:\/\/al-dirassa.com\/fr\/#\/schema\/logo\/image\/\",\"url\":\"https:\/\/al-dirassa.com\/fr\/wp-content\/uploads\/2023\/07\/al-dirassa-logo-blue_10.png\",\"contentUrl\":\"https:\/\/al-dirassa.com\/fr\/wp-content\/uploads\/2023\/07\/al-dirassa-logo-blue_10.png\",\"width\":150,\"height\":150,\"caption\":\"Institut Al-dirassa\"},\"image\":{\"@id\":\"https:\/\/al-dirassa.com\/fr\/#\/schema\/logo\/image\/\"},\"sameAs\":[\"https:\/\/www.facebook.com\/aldirassa\/\",\"https:\/\/www.instagram.com\/institut_aldirassa\/\",\"https:\/\/www.tiktok.com\/@institutaldirassa\"]}]}<\/script>\n<!-- \/ Yoast SEO plugin. -->","yoast_head_json":{"title":"Pack Talib | Cours d'arabe, de Coran et d'Islam en ligne - Institut Al-dirassa","description":"D\u00e9couvrez le pack Talib de l'institut Al-Dirassa : \u00c9tudiez l'arabe, le Coran et l'islam en ligne, 2 heures par semaine pendant un mois.","robots":{"index":"index","follow":"follow","max-snippet":"max-snippet:-1","max-image-preview":"max-image-preview:large","max-video-preview":"max-video-preview:-1"},"canonical":"https:\/\/al-dirassa.com\/fr\/produit\/pack-starter\/","og_locale":"fr_FR","og_type":"article","og_title":"Pack Talib | Cours d'arabe, de Coran et d'Islam en ligne - Institut Al-dirassa","og_description":"D\u00e9couvrez le pack Talib de l'institut Al-Dirassa : \u00c9tudiez l'arabe, le Coran et l'islam en ligne, 2 heures par semaine pendant un mois.","og_url":"https:\/\/al-dirassa.com\/fr\/produit\/pack-starter\/","og_site_name":"Institut Al-dirassa","article_publisher":"https:\/\/www.facebook.com\/aldirassa\/","article_modified_time":"2025-09-08T07:16:19+00:00","og_image":[{"width":1080,"height":1080,"url":"https:\/\/al-dirassa.com\/fr\/wp-content\/uploads\/2020\/03\/pack-talib.jpg","type":"image\/jpeg"}],"twitter_card":"summary_large_image","twitter_misc":{"Dur\u00e9e de lecture estim\u00e9e":"2 minutes"},"schema":{"@context":"https:\/\/schema.org","@graph":[{"@type":"WebPage","@id":"https:\/\/al-dirassa.com\/fr\/produit\/pack-starter\/","url":"https:\/\/al-dirassa.com\/fr\/produit\/pack-starter\/","name":"Pack Talib | Cours d'arabe, de Coran et d'Islam en ligne - Institut Al-dirassa","isPartOf":{"@id":"https:\/\/al-dirassa.com\/fr\/#website"},"primaryImageOfPage":{"@id":"https:\/\/al-dirassa.com\/fr\/produit\/pack-starter\/#primaryimage"},"image":{"@id":"https:\/\/al-dirassa.com\/fr\/produit\/pack-starter\/#primaryimage"},"thumbnailUrl":"https:\/\/al-dirassa.com\/fr\/wp-content\/uploads\/2020\/03\/pack-talib.jpg","datePublished":"2020-03-18T09:28:23+00:00","dateModified":"2025-09-08T07:16:19+00:00","description":"D\u00e9couvrez le pack Talib de l'institut Al-Dirassa : \u00c9tudiez l'arabe, le Coran et l'islam en ligne, 2 heures par semaine pendant un mois.","breadcrumb":{"@id":"https:\/\/al-dirassa.com\/fr\/produit\/pack-starter\/#breadcrumb"},"inLanguage":"fr-FR","potentialAction":[{"@type":"ReadAction","target":["https:\/\/al-dirassa.com\/fr\/produit\/pack-starter\/"]}]},{"@type":"ImageObject","inLanguage":"fr-FR","@id":"https:\/\/al-dirassa.com\/fr\/produit\/pack-starter\/#primaryimage","url":"https:\/\/al-dirassa.com\/fr\/wp-content\/uploads\/2020\/03\/pack-talib.jpg","contentUrl":"https:\/\/al-dirassa.com\/fr\/wp-content\/uploads\/2020\/03\/pack-talib.jpg","width":1080,"height":1080,"caption":"pack talib pour apprendre l'arabe, le Coran et l'islam en ligne"},{"@type":"BreadcrumbList","@id":"https:\/\/al-dirassa.com\/fr\/produit\/pack-starter\/#breadcrumb","itemListElement":[{"@type":"ListItem","position":1,"name":"Home","item":"https:\/\/al-dirassa.com\/fr\/"},{"@type":"ListItem","position":2,"name":"Registration","item":"https:\/\/al-dirassa.com\/fr\/tarifs-inscription\/"},{"@type":"ListItem","position":3,"name":"Pack Talib | Cours d&rsquo;arabe, de Coran et d&rsquo;Islam en ligne"}]},{"@type":"WebSite","@id":"https:\/\/al-dirassa.com\/fr\/#website","url":"https:\/\/al-dirassa.com\/fr\/","name":"Institut Al-dirassa","description":"Arabe, Coran et Islam en Ligne","publisher":{"@id":"https:\/\/al-dirassa.com\/fr\/#organization"},"potentialAction":[{"@type":"SearchAction","target":{"@type":"EntryPoint","urlTemplate":"https:\/\/al-dirassa.com\/fr\/?s={search_term_string}"},"query-input":"required name=search_term_string"}],"inLanguage":"fr-FR"},{"@type":"Organization","@id":"https:\/\/al-dirassa.com\/fr\/#organization","name":"Institut Al-dirassa","url":"https:\/\/al-dirassa.com\/fr\/","logo":{"@type":"ImageObject","inLanguage":"fr-FR","@id":"https:\/\/al-dirassa.com\/fr\/#\/schema\/logo\/image\/","url":"https:\/\/al-dirassa.com\/fr\/wp-content\/uploads\/2023\/07\/al-dirassa-logo-blue_10.png","contentUrl":"https:\/\/al-dirassa.com\/fr\/wp-content\/uploads\/2023\/07\/al-dirassa-logo-blue_10.png","width":150,"height":150,"caption":"Institut Al-dirassa"},"image":{"@id":"https:\/\/al-dirassa.com\/fr\/#\/schema\/logo\/image\/"},"sameAs":["https:\/\/www.facebook.com\/aldirassa\/","https:\/\/www.instagram.com\/institut_aldirassa\/","https:\/\/www.tiktok.com\/@institutaldirassa"]}]}},"_links":{"self":[{"href":"https:\/\/al-dirassa.com\/fr\/wp-json\/wp\/v2\/product\/2443","targetHints":{"allow":["GET"]}}],"collection":[{"href":"https:\/\/al-dirassa.com\/fr\/wp-json\/wp\/v2\/product"}],"about":[{"href":"https:\/\/al-dirassa.com\/fr\/wp-json\/wp\/v2\/types\/product"}],"replies":[{"embeddable":true,"href":"https:\/\/al-dirassa.com\/fr\/wp-json\/wp\/v2\/comments?post=2443"}],"version-history":[{"count":0,"href":"https:\/\/al-dirassa.com\/fr\/wp-json\/wp\/v2\/product\/2443\/revisions"}],"wp:featuredmedia":[{"embeddable":true,"href":"https:\/\/al-dirassa.com\/fr\/wp-json\/wp\/v2\/media\/14753"}],"wp:attachment":[{"href":"https:\/\/al-dirassa.com\/fr\/wp-json\/wp\/v2\/media?parent=2443"}],"wp:term":[{"taxonomy":"product_brand","embeddable":true,"href":"https:\/\/al-dirassa.com\/fr\/wp-json\/wp\/v2\/product_brand?post=2443"},{"taxonomy":"product_cat","embeddable":true,"href":"https:\/\/al-dirassa.com\/fr\/wp-json\/wp\/v2\/product_cat?post=2443"},{"taxonomy":"product_tag","embeddable":true,"href":"https:\/\/al-dirassa.com\/fr\/wp-json\/wp\/v2\/product_tag?post=2443"}],"curies":[{"name":"wp","href":"https:\/\/api.w.org\/{rel}","templated":true}]}}