{"id":2446,"date":"2020-03-18T09:55:45","date_gmt":"2020-03-18T08:55:45","guid":{"rendered":"https:\/\/seomenta.com\/al-dirassa\/?post_type=product&#038;p=2446"},"modified":"2024-04-18T15:18:38","modified_gmt":"2024-04-18T13:18:38","slug":"pack-collectif","status":"publish","type":"product","link":"https:\/\/al-dirassa.com\/fr\/produit\/pack-collectif\/","title":{"rendered":"Pack collectif  | Cours d&rsquo;arabe, de Coran et d&rsquo;Islam en ligne"},"content":{"rendered":"<div style=\"text-align: justify;\"><span style=\"font-size: 14pt;\">Le Pack Collectif propose des cours en groupe via Skype ou Zoom, avec chaque membre du groupe souscrivant \u00e0 ce pack. Ce pack vous offre la possibilit\u00e9 de :<\/span><\/div>\n<div style=\"text-align: justify;\"><\/div>\n<div style=\"text-align: justify;\"><span style=\"font-size: 14pt;\">&#8211; Participer \u00e0 2 heures de cours par semaine.<\/span><\/div>\n<div style=\"text-align: justify;\"><span style=\"font-size: 14pt;\">&#8211; B\u00e9n\u00e9ficier de 10 cours sur une p\u00e9riode de 5 semaines.<\/span><\/div>\n<div style=\"text-align: justify;\"><span style=\"font-size: 14pt;\">&#8211; \u00catre encadr\u00e9 par un professeur \u00e9gyptien ou une professeure \u00e9gyptienne.<\/span><\/div>\n<div style=\"text-align: justify;\"><span style=\"font-size: 14pt;\">&#8211; Suivre des cours en groupe.<\/span><\/div>\n<div style=\"text-align: justify;\"><span style=\"font-size: 14pt;\">&#8211; Choisissez parmi une vari\u00e9t\u00e9 de cours portant sur l&rsquo;arabe, le Coran et l&rsquo;islam selon vos pr\u00e9f\u00e9rences.<\/span><\/div>\n<div style=\"text-align: justify;\"><\/div>\n<div style=\"text-align: justify;\"><span style=\"font-size: 14pt;\">Vous aurez la libert\u00e9 d&rsquo;\u00e9tudier l&rsquo;arabe, le Coran et\/ou l&rsquo;islam \u00e0 votre convenance.<\/span><\/div>\n<div style=\"text-align: justify;\"><\/div>\n<div style=\"text-align: justify;\"><strong><span style=\"font-size: 14pt;\">Dans nos cours d&rsquo;arabe, vous pourrez explorer :<\/span><\/strong><\/div>\n<div style=\"text-align: justify;\"><\/div>\n<div style=\"text-align: justify;\"><span style=\"font-size: 14pt;\">&#8211; La langue arabe standard classique et moderne.<\/span><\/div>\n<div style=\"text-align: justify;\"><span style=\"font-size: 14pt;\">&#8211; Le dialecte \u00e9gyptien.<\/span><\/div>\n<div style=\"text-align: justify;\"><span style=\"font-size: 14pt;\">&#8211; La langue arabe professionnelle.<\/span><\/div>\n<div style=\"text-align: justify;\"><\/div>\n<div style=\"text-align: justify;\"><strong><span style=\"font-size: 14pt;\">Nos cours de Coran incluent :<\/span><\/strong><\/div>\n<div style=\"text-align: justify;\"><\/div>\n<div style=\"text-align: justify;\"><span style=\"font-size: 14pt;\">&#8211; Un programme d\u00e9di\u00e9 aux r\u00e8gles du Tajwid.<\/span><\/div>\n<div style=\"text-align: justify;\"><span style=\"font-size: 14pt;\">&#8211; Un programme de M\u00e9morisation (Hifz).<\/span><\/div>\n<div style=\"text-align: justify;\"><span style=\"font-size: 14pt;\">&#8211; Un programme Ijazah pour les \u00e9tudes coraniques.<\/span><\/div>\n<div style=\"text-align: justify;\"><\/div>\n<div style=\"text-align: justify;\"><strong><span style=\"font-size: 14pt;\">Si vous \u00eates int\u00e9ress\u00e9 par les sciences islamiques, le Centre Al-Dirassa propose des cours en ligne portant sur :<\/span><\/strong><\/div>\n<div style=\"text-align: justify;\"><\/div>\n<div style=\"text-align: justify;\"><span style=\"font-size: 14pt;\">&#8211; Le Fiqh (jurisprudence islamique).<\/span><\/div>\n<div style=\"text-align: justify;\"><span style=\"font-size: 14pt;\">&#8211; L&rsquo;Aquida (croyance islamique).<\/span><\/div>\n<div style=\"text-align: justify;\"><span style=\"font-size: 14pt;\">&#8211; Les Hadiths (traditions proph\u00e9tiques).<\/span><\/div>\n<div style=\"text-align: justify;\"><span style=\"font-size: 14pt;\">&#8211; L&rsquo;histoire islamique.<\/span><\/div>\n<div style=\"text-align: justify;\"><\/div>\n<div style=\"text-align: justify;\"><span style=\"font-size: 14pt;\">Saisissez cette opportunit\u00e9 pour approfondir vos connaissances dans ces domaines essentiels avec le Pack Collectif.<\/span><\/div>\n","protected":false},"excerpt":{"rendered":"<p>2 heures par semaine<\/p>\n<p>10 cours \/ 5 semaines<\/p>\n<p>Professeur \u00e9gyptien(ne)<\/p>\n<p>Cours de groupe<\/p>\n<p>Cours d&rsquo;arabe, de Coran et d&rsquo;islam<\/p>\n","protected":false},"featured_media":8718,"comment_status":"open","ping_status":"closed","template":"","meta":[],"product_brand":[],"product_cat":[527,723],"product_tag":[1024,1021,1016,1022],"class_list":{"0":"post-2446","1":"product","2":"type-product","3":"status-publish","4":"has-post-thumbnail","6":"product_cat-courses","7":"product_cat-plans","8":"product_tag-cours-collectif","9":"product_tag-cours-darabe-en-ligne","10":"product_tag-cours-dislam-en-ligne","11":"product_tag-cours-de-coran-en-ligne","12":"has-subscription-plans","14":"first","15":"instock","16":"featured","17":"virtual","18":"purchasable","19":"product-type-simple"},"yoast_head":"<!-- This site is optimized with the Yoast SEO plugin v22.8 - https:\/\/yoast.com\/wordpress\/plugins\/seo\/ -->\n<title>Pack collectif | Cours d&#039;arabe, de Coran et d&#039;Islam en ligne - Institut Al-dirassa<\/title>\n<meta name=\"description\" content=\"Le centre al-dirassa propose le pack collectif afin de pouvoir \u00e9tudier l&#039;arabe, le Coran et l&#039;islam en ligne en groupe que vous pourrez former.\" \/>\n<meta name=\"robots\" content=\"index, follow, max-snippet:-1, max-image-preview:large, max-video-preview:-1\" \/>\n<link rel=\"canonical\" href=\"https:\/\/al-dirassa.com\/fr\/produit\/pack-collectif\/\" \/>\n<meta property=\"og:locale\" content=\"fr_FR\" \/>\n<meta property=\"og:type\" content=\"article\" \/>\n<meta property=\"og:title\" content=\"Pack collectif | Cours d&#039;arabe, de Coran et d&#039;Islam en ligne - Institut Al-dirassa\" \/>\n<meta property=\"og:description\" content=\"Le centre al-dirassa propose le pack collectif afin de pouvoir \u00e9tudier l&#039;arabe, le Coran et l&#039;islam en ligne en groupe que vous pourrez former.\" \/>\n<meta property=\"og:url\" content=\"https:\/\/al-dirassa.com\/fr\/produit\/pack-collectif\/\" \/>\n<meta property=\"og:site_name\" content=\"Institut Al-dirassa\" \/>\n<meta property=\"article:publisher\" content=\"https:\/\/www.facebook.com\/aldirassa\/\" \/>\n<meta property=\"article:modified_time\" content=\"2024-04-18T13:18:38+00:00\" \/>\n<meta property=\"og:image\" content=\"https:\/\/al-dirassa.com\/fr\/wp-content\/uploads\/2020\/03\/pack-collectif.png\" \/>\n\t<meta property=\"og:image:width\" content=\"1280\" \/>\n\t<meta property=\"og:image:height\" content=\"1280\" \/>\n\t<meta property=\"og:image:type\" content=\"image\/png\" \/>\n<meta name=\"twitter:card\" content=\"summary_large_image\" \/>\n<meta name=\"twitter:label1\" content=\"Dur\u00e9e de lecture estim\u00e9e\" \/>\n\t<meta name=\"twitter:data1\" content=\"2 minutes\" \/>\n<script type=\"application\/ld+json\" class=\"yoast-schema-graph\">{\"@context\":\"https:\/\/schema.org\",\"@graph\":[{\"@type\":\"WebPage\",\"@id\":\"https:\/\/al-dirassa.com\/fr\/produit\/pack-collectif\/\",\"url\":\"https:\/\/al-dirassa.com\/fr\/produit\/pack-collectif\/\",\"name\":\"Pack collectif | Cours d'arabe, de Coran et d'Islam en ligne - Institut Al-dirassa\",\"isPartOf\":{\"@id\":\"https:\/\/al-dirassa.com\/fr\/#website\"},\"primaryImageOfPage\":{\"@id\":\"https:\/\/al-dirassa.com\/fr\/produit\/pack-collectif\/#primaryimage\"},\"image\":{\"@id\":\"https:\/\/al-dirassa.com\/fr\/produit\/pack-collectif\/#primaryimage\"},\"thumbnailUrl\":\"https:\/\/al-dirassa.com\/fr\/wp-content\/uploads\/2020\/03\/pack-collectif.png\",\"datePublished\":\"2020-03-18T08:55:45+00:00\",\"dateModified\":\"2024-04-18T13:18:38+00:00\",\"description\":\"Le centre al-dirassa propose le pack collectif afin de pouvoir \u00e9tudier l'arabe, le Coran et l'islam en ligne en groupe que vous pourrez former.\",\"breadcrumb\":{\"@id\":\"https:\/\/al-dirassa.com\/fr\/produit\/pack-collectif\/#breadcrumb\"},\"inLanguage\":\"fr-FR\",\"potentialAction\":[{\"@type\":\"ReadAction\",\"target\":[\"https:\/\/al-dirassa.com\/fr\/produit\/pack-collectif\/\"]}]},{\"@type\":\"ImageObject\",\"inLanguage\":\"fr-FR\",\"@id\":\"https:\/\/al-dirassa.com\/fr\/produit\/pack-collectif\/#primaryimage\",\"url\":\"https:\/\/al-dirassa.com\/fr\/wp-content\/uploads\/2020\/03\/pack-collectif.png\",\"contentUrl\":\"https:\/\/al-dirassa.com\/fr\/wp-content\/uploads\/2020\/03\/pack-collectif.png\",\"width\":1280,\"height\":1280,\"caption\":\"pack collectif\"},{\"@type\":\"BreadcrumbList\",\"@id\":\"https:\/\/al-dirassa.com\/fr\/produit\/pack-collectif\/#breadcrumb\",\"itemListElement\":[{\"@type\":\"ListItem\",\"position\":1,\"name\":\"Home\",\"item\":\"https:\/\/al-dirassa.com\/fr\/\"},{\"@type\":\"ListItem\",\"position\":2,\"name\":\"Registration\",\"item\":\"https:\/\/al-dirassa.com\/fr\/tarifs-inscription\/\"},{\"@type\":\"ListItem\",\"position\":3,\"name\":\"Pack collectif | Cours d&#8217;arabe, de Coran et d&#8217;Islam en ligne\"}]},{\"@type\":\"WebSite\",\"@id\":\"https:\/\/al-dirassa.com\/fr\/#website\",\"url\":\"https:\/\/al-dirassa.com\/fr\/\",\"name\":\"Institut Al-dirassa\",\"description\":\"Arabe, Coran et Islam en Ligne\",\"publisher\":{\"@id\":\"https:\/\/al-dirassa.com\/fr\/#organization\"},\"potentialAction\":[{\"@type\":\"SearchAction\",\"target\":{\"@type\":\"EntryPoint\",\"urlTemplate\":\"https:\/\/al-dirassa.com\/fr\/?s={search_term_string}\"},\"query-input\":\"required name=search_term_string\"}],\"inLanguage\":\"fr-FR\"},{\"@type\":\"Organization\",\"@id\":\"https:\/\/al-dirassa.com\/fr\/#organization\",\"name\":\"Institut Al-dirassa\",\"url\":\"https:\/\/al-dirassa.com\/fr\/\",\"logo\":{\"@type\":\"ImageObject\",\"inLanguage\":\"fr-FR\",\"@id\":\"https:\/\/al-dirassa.com\/fr\/#\/schema\/logo\/image\/\",\"url\":\"https:\/\/al-dirassa.com\/fr\/wp-content\/uploads\/2023\/07\/al-dirassa-logo-blue_10.png\",\"contentUrl\":\"https:\/\/al-dirassa.com\/fr\/wp-content\/uploads\/2023\/07\/al-dirassa-logo-blue_10.png\",\"width\":150,\"height\":150,\"caption\":\"Institut Al-dirassa\"},\"image\":{\"@id\":\"https:\/\/al-dirassa.com\/fr\/#\/schema\/logo\/image\/\"},\"sameAs\":[\"https:\/\/www.facebook.com\/aldirassa\/\",\"https:\/\/www.instagram.com\/institut_aldirassa\/\",\"https:\/\/www.tiktok.com\/@institutaldirassa\"]}]}<\/script>\n<!-- \/ Yoast SEO plugin. -->","yoast_head_json":{"title":"Pack collectif | Cours d'arabe, de Coran et d'Islam en ligne - Institut Al-dirassa","description":"Le centre al-dirassa propose le pack collectif afin de pouvoir \u00e9tudier l'arabe, le Coran et l'islam en ligne en groupe que vous pourrez former.","robots":{"index":"index","follow":"follow","max-snippet":"max-snippet:-1","max-image-preview":"max-image-preview:large","max-video-preview":"max-video-preview:-1"},"canonical":"https:\/\/al-dirassa.com\/fr\/produit\/pack-collectif\/","og_locale":"fr_FR","og_type":"article","og_title":"Pack collectif | Cours d'arabe, de Coran et d'Islam en ligne - Institut Al-dirassa","og_description":"Le centre al-dirassa propose le pack collectif afin de pouvoir \u00e9tudier l'arabe, le Coran et l'islam en ligne en groupe que vous pourrez former.","og_url":"https:\/\/al-dirassa.com\/fr\/produit\/pack-collectif\/","og_site_name":"Institut Al-dirassa","article_publisher":"https:\/\/www.facebook.com\/aldirassa\/","article_modified_time":"2024-04-18T13:18:38+00:00","og_image":[{"width":1280,"height":1280,"url":"https:\/\/al-dirassa.com\/fr\/wp-content\/uploads\/2020\/03\/pack-collectif.png","type":"image\/png"}],"twitter_card":"summary_large_image","twitter_misc":{"Dur\u00e9e de lecture estim\u00e9e":"2 minutes"},"schema":{"@context":"https:\/\/schema.org","@graph":[{"@type":"WebPage","@id":"https:\/\/al-dirassa.com\/fr\/produit\/pack-collectif\/","url":"https:\/\/al-dirassa.com\/fr\/produit\/pack-collectif\/","name":"Pack collectif | Cours d'arabe, de Coran et d'Islam en ligne - Institut Al-dirassa","isPartOf":{"@id":"https:\/\/al-dirassa.com\/fr\/#website"},"primaryImageOfPage":{"@id":"https:\/\/al-dirassa.com\/fr\/produit\/pack-collectif\/#primaryimage"},"image":{"@id":"https:\/\/al-dirassa.com\/fr\/produit\/pack-collectif\/#primaryimage"},"thumbnailUrl":"https:\/\/al-dirassa.com\/fr\/wp-content\/uploads\/2020\/03\/pack-collectif.png","datePublished":"2020-03-18T08:55:45+00:00","dateModified":"2024-04-18T13:18:38+00:00","description":"Le centre al-dirassa propose le pack collectif afin de pouvoir \u00e9tudier l'arabe, le Coran et l'islam en ligne en groupe que vous pourrez former.","breadcrumb":{"@id":"https:\/\/al-dirassa.com\/fr\/produit\/pack-collectif\/#breadcrumb"},"inLanguage":"fr-FR","potentialAction":[{"@type":"ReadAction","target":["https:\/\/al-dirassa.com\/fr\/produit\/pack-collectif\/"]}]},{"@type":"ImageObject","inLanguage":"fr-FR","@id":"https:\/\/al-dirassa.com\/fr\/produit\/pack-collectif\/#primaryimage","url":"https:\/\/al-dirassa.com\/fr\/wp-content\/uploads\/2020\/03\/pack-collectif.png","contentUrl":"https:\/\/al-dirassa.com\/fr\/wp-content\/uploads\/2020\/03\/pack-collectif.png","width":1280,"height":1280,"caption":"pack collectif"},{"@type":"BreadcrumbList","@id":"https:\/\/al-dirassa.com\/fr\/produit\/pack-collectif\/#breadcrumb","itemListElement":[{"@type":"ListItem","position":1,"name":"Home","item":"https:\/\/al-dirassa.com\/fr\/"},{"@type":"ListItem","position":2,"name":"Registration","item":"https:\/\/al-dirassa.com\/fr\/tarifs-inscription\/"},{"@type":"ListItem","position":3,"name":"Pack collectif | Cours d&#8217;arabe, de Coran et d&#8217;Islam en ligne"}]},{"@type":"WebSite","@id":"https:\/\/al-dirassa.com\/fr\/#website","url":"https:\/\/al-dirassa.com\/fr\/","name":"Institut Al-dirassa","description":"Arabe, Coran et Islam en Ligne","publisher":{"@id":"https:\/\/al-dirassa.com\/fr\/#organization"},"potentialAction":[{"@type":"SearchAction","target":{"@type":"EntryPoint","urlTemplate":"https:\/\/al-dirassa.com\/fr\/?s={search_term_string}"},"query-input":"required name=search_term_string"}],"inLanguage":"fr-FR"},{"@type":"Organization","@id":"https:\/\/al-dirassa.com\/fr\/#organization","name":"Institut Al-dirassa","url":"https:\/\/al-dirassa.com\/fr\/","logo":{"@type":"ImageObject","inLanguage":"fr-FR","@id":"https:\/\/al-dirassa.com\/fr\/#\/schema\/logo\/image\/","url":"https:\/\/al-dirassa.com\/fr\/wp-content\/uploads\/2023\/07\/al-dirassa-logo-blue_10.png","contentUrl":"https:\/\/al-dirassa.com\/fr\/wp-content\/uploads\/2023\/07\/al-dirassa-logo-blue_10.png","width":150,"height":150,"caption":"Institut Al-dirassa"},"image":{"@id":"https:\/\/al-dirassa.com\/fr\/#\/schema\/logo\/image\/"},"sameAs":["https:\/\/www.facebook.com\/aldirassa\/","https:\/\/www.instagram.com\/institut_aldirassa\/","https:\/\/www.tiktok.com\/@institutaldirassa"]}]}},"_links":{"self":[{"href":"https:\/\/al-dirassa.com\/fr\/wp-json\/wp\/v2\/product\/2446","targetHints":{"allow":["GET"]}}],"collection":[{"href":"https:\/\/al-dirassa.com\/fr\/wp-json\/wp\/v2\/product"}],"about":[{"href":"https:\/\/al-dirassa.com\/fr\/wp-json\/wp\/v2\/types\/product"}],"replies":[{"embeddable":true,"href":"https:\/\/al-dirassa.com\/fr\/wp-json\/wp\/v2\/comments?post=2446"}],"version-history":[{"count":0,"href":"https:\/\/al-dirassa.com\/fr\/wp-json\/wp\/v2\/product\/2446\/revisions"}],"wp:featuredmedia":[{"embeddable":true,"href":"https:\/\/al-dirassa.com\/fr\/wp-json\/wp\/v2\/media\/8718"}],"wp:attachment":[{"href":"https:\/\/al-dirassa.com\/fr\/wp-json\/wp\/v2\/media?parent=2446"}],"wp:term":[{"taxonomy":"product_brand","embeddable":true,"href":"https:\/\/al-dirassa.com\/fr\/wp-json\/wp\/v2\/product_brand?post=2446"},{"taxonomy":"product_cat","embeddable":true,"href":"https:\/\/al-dirassa.com\/fr\/wp-json\/wp\/v2\/product_cat?post=2446"},{"taxonomy":"product_tag","embeddable":true,"href":"https:\/\/al-dirassa.com\/fr\/wp-json\/wp\/v2\/product_tag?post=2446"}],"curies":[{"name":"wp","href":"https:\/\/api.w.org\/{rel}","templated":true}]}}